{"id":17872,"date":"2024-08-29T21:39:07","date_gmt":"2024-08-29T21:39:07","guid":{"rendered":"https:\/\/tazilly.com\/?post_type=product&#038;p=17872"},"modified":"2025-11-25T11:02:45","modified_gmt":"2025-11-25T11:02:45","slug":"camiseta-ella","status":"publish","type":"product","link":"https:\/\/tazilly.com\/index.php\/producto\/camiseta-ella\/","title":{"rendered":"Camiseta Ella"},"content":{"rendered":"<p>Recomendamos su talla habitual!<br \/>\nPara una buena personalizaci\u00f3n, repasa todos los campos con atenci\u00f3n, seleccionando cada uno seg\u00fan tus necesidades.<\/p>\n<p>TEJIDO PRINCIPAL: PUNTO JERSEY SENCILLO DE PUNTO SUELTO, 100% COTTON &#8211; ORGANIC CARDED, DESGASTADO, 180 GSM. &#8211; .<\/p>\n<p>CORTE ENTALLADO. &#8211; .<\/p>\n","protected":false},"excerpt":{"rendered":"<p>Recomendamos su talla habitual!<br \/>\nPara una buena personalizaci\u00f3n, repasa todos los campos con atenci\u00f3n, seleccionando cada uno seg\u00fan tus necesidades.<br \/>\nTEJIDO PRINCIPAL: PUNTO JERSEY SENCILLO DE PUNTO SUELTO, 100% COTTON &#8211; ORGANIC CARDED, DESGASTADO, 180 GSM. &#8211; .<\/p>\n<p>CORTE ENTALLADO. &#8211; .<\/p>\n","protected":false},"featured_media":17876,"comment_status":"open","ping_status":"closed","template":"","meta":{"_joinchat":[]},"product_brand":[],"product_cat":[200,177],"product_tag":[],"class_list":{"0":"post-17872","1":"product","2":"type-product","3":"status-publish","4":"has-post-thumbnail","6":"product_cat-personalizados-dibujo-ilustracion","7":"product_cat-camisetas","9":"first","10":"instock","11":"sale","12":"taxable","13":"shipping-taxable","14":"purchasable","15":"product-type-simple"},"jetpack_sharing_enabled":true,"_links":{"self":[{"href":"https:\/\/tazilly.com\/index.php\/wp-json\/wp\/v2\/product\/17872","targetHints":{"allow":["GET"]}}],"collection":[{"href":"https:\/\/tazilly.com\/index.php\/wp-json\/wp\/v2\/product"}],"about":[{"href":"https:\/\/tazilly.com\/index.php\/wp-json\/wp\/v2\/types\/product"}],"replies":[{"embeddable":true,"href":"https:\/\/tazilly.com\/index.php\/wp-json\/wp\/v2\/comments?post=17872"}],"wp:featuredmedia":[{"embeddable":true,"href":"https:\/\/tazilly.com\/index.php\/wp-json\/wp\/v2\/media\/17876"}],"wp:attachment":[{"href":"https:\/\/tazilly.com\/index.php\/wp-json\/wp\/v2\/media?parent=17872"}],"wp:term":[{"taxonomy":"product_brand","embeddable":true,"href":"https:\/\/tazilly.com\/index.php\/wp-json\/wp\/v2\/product_brand?post=17872"},{"taxonomy":"product_cat","embeddable":true,"href":"https:\/\/tazilly.com\/index.php\/wp-json\/wp\/v2\/product_cat?post=17872"},{"taxonomy":"product_tag","embeddable":true,"href":"https:\/\/tazilly.com\/index.php\/wp-json\/wp\/v2\/product_tag?post=17872"}],"curies":[{"name":"wp","href":"https:\/\/api.w.org\/{rel}","templated":true}]}}